{"id":14,"date":"2017-03-16T02:07:16","date_gmt":"2017-03-16T01:07:16","guid":{"rendered":"http:\/\/praxisweingaertner.de\/?page_id=14"},"modified":"2022-11-09T11:12:22","modified_gmt":"2022-11-09T10:12:22","slug":"eva-weingaertner-praxis-fuer-kinder-und-jugendlichenpsychotherapie","status":"publish","type":"page","link":"https:\/\/praxisweingaertner.de\/","title":{"rendered":"Eva Weing\u00e4rtner | Praxis f\u00fcr Kinder- und Jugendlichenpsychotherapie"},"content":{"rendered":"\n  <div class=\"banner has-hover is-full-height\" id=\"banner-332909844\">\n          <div class=\"banner-inner fill\">\n        <div class=\"banner-bg fill\" >\n            <div class=\"bg fill bg-fill \"><\/div>\n                                    \n                    <\/div><!-- bg-layers -->\n        <div class=\"banner-layers container\">\n            <div class=\"fill banner-link\"><\/div>            \n   <div id=\"text-box-1818108876\" class=\"text-box banner-layer x50 md-x100 lg-x100 y75 md-y85 lg-y85 res-text\">\n                     <div data-animate=\"none\">           <div class=\"text box-shadow-1\">\n              \n              <div class=\"text-inner text-left\">\n                  \n<p class=\"lead\" style=\"font-size:130% !important;font-weight:400;\">Bahnhofstra\u00dfe 72<br \/>\n36341 Lauterbach<\/p>\n<p class=\"lead\" style=\"display:none;font-size: 2.vh; color: #;\">Telefon (0 66 41) 64 53 996<br \/>\nTelefax (0 66 41) 64 53 219<br \/>\nE-Mail praxis@praxisweingaertner.de<\/p>\n<p class=\"lead\" style=\"font-size:130% !important;font-weight:400;\">\nalle Kassen<br \/>\nTermine nach tel. Vereinbarung<\/p>\n<div class=\"contactdata\"><a href=\"tel:06641 6453996\" class=\"tooltip tooltipstered\"><i class=\"icon-phone\" style=\"font-size:18px;\"><\/i><span>&nbsp;&nbsp;(06641) 6453996<\/span><\/a><br \/>\n<a href=\"mailto:praxis@praxisweingaertner.de\" class=\"tooltip tooltipstered\"><i class=\"icon-envelop\" style=\"font-size:18px;\"><\/i><span>&nbsp;&nbsp;praxis@praxisweingaertner.de<\/span> <\/a><\/div>\n              <\/div>\n           <\/div><!-- text-box-inner -->\n       <\/div>                     \n<style scope=\"scope\">\n\n#text-box-1818108876 .text {\n  background-color: rgb(239, 231, 214);\n  font-size: 100%;\n}\n#text-box-1818108876 .text-inner {\n  padding: 10px 30px 10px 30px;\n}\n#text-box-1818108876 {\n  width: 90%;\n}\n\n\n@media (min-width:550px) {\n\n  #text-box-1818108876 {\n    width: 41%;\n  }\n\n}\n<\/style>\n    <\/div><!-- text-box -->\n \n        <\/div><!-- .banner-layers -->\n      <\/div><!-- .banner-inner -->\n\n            \n<style scope=\"scope\">\n\n#banner-332909844 {\n  padding-top: 92vh;\n  background-color: rgb(255, 255, 255);\n}\n#banner-332909844 .bg.bg-loaded {\n  background-image: url(https:\/\/praxisweingaertner.de\/wp-content\/uploads\/2022\/11\/PRAXIS.jpg);\n}\n#banner-332909844 .bg {\n  background-position: 50% 50%;\n}\n\n\n@media (min-width:550px) {\n\n  #banner-332909844 {\n    padding-top: 100%;\n  }\n\n}\n<\/style>\n  <\/div><!-- .banner -->\n\n\n  <section class=\"section has-mask mask-angled\" id=\"section_1520948766\">\n      <div class=\"bg section-bg fill bg-fill  bg-loaded\" >\n\n        \n        <div class=\"section-bg-overlay absolute fill\"><\/div>\n        \n        \n        \n        \n\n      <\/div><!-- .section-bg -->\n\n      <div class=\"section-content relative\">\n        \n<div class=\"row row-large align-middle\"  id=\"row-1051636842\">\n<div class=\"col medium-6 small-12 large-6\"  ><div class=\"col-inner text-left\"  >\n<p style=\"margin-top: 12%;\"><span style=\"font-size: 230%; line-height: 0;\">V<\/span>ermutlich l\u00e4uft gerade etwas im Leben Ihres Kindes nicht so wie Sie es sich w\u00fcnschen oder etwas bereitet Ihnen Sorge.<\/p>\n<p>Vielleicht haben Sie auch andere Personen darauf aufmerksam gemacht, dass etwas mit Ihrem Kind \u201enicht stimmen k\u00f6nnte\u201c, oder Sie \u00fcberlegen sich schon l\u00e4nger, ob eine Psychotherapie f\u00fcr Ihr Kind hilfreich sein k\u00f6nnte.<\/p>\n<p>Krisen, Konflikte und schwierige Phasen geh\u00f6ren zum allt\u00e4glichen Leben. Sollten diese jedoch l\u00e4nger andauern, so k\u00f6nnen diese Anlass f\u00fcr ein unverbindliches Erstgespr\u00e4ch sein.<\/p>\n<p>Wenn Du als Jugendliche\/Jugendlicher diese Seite liest, dann \u00fcberlegst Du Dir gerade vielleicht, was sich in Deinem Leben \u00e4ndern sollte oder was gerade oder schon l\u00e4nger schief l\u00e4uft.<\/p>\n<p>In einem pers\u00f6nlichem Gespr\u00e4ch k\u00f6nnen wir abkl\u00e4ren, ob zum jetzigen Zeitpunkt eine Psychotherapie notwendig und hilfreich sein kann.<\/p>\n<\/div><\/div>\n<div class=\"col medium-6 small-12 large-6\"  ><div class=\"col-inner\" style=\"margin:0px 0px -100px 0px;\" >\n    <div class=\"img has-hover x md-x lg-x y md-y lg-y\" id=\"image_1300722717\">\n                <div class=\"img-inner box-shadow-2 dark\" style=\"margin:60px 0px 100px 0px;\">\n        <img loading=\"lazy\" decoding=\"async\" width=\"1020\" height=\"765\" src=\"https:\/\/praxisweingaertner.de\/wp-content\/uploads\/2018\/10\/IMG-20180920-WA0004-1024x768.jpg\" class=\"attachment-large size-large\" alt=\"\" srcset=\"https:\/\/praxisweingaertner.de\/wp-content\/uploads\/2018\/10\/IMG-20180920-WA0004-1024x768.jpg 1024w, https:\/\/praxisweingaertner.de\/wp-content\/uploads\/2018\/10\/IMG-20180920-WA0004-300x225.jpg 300w, https:\/\/praxisweingaertner.de\/wp-content\/uploads\/2018\/10\/IMG-20180920-WA0004-768x576.jpg 768w, https:\/\/praxisweingaertner.de\/wp-content\/uploads\/2018\/10\/IMG-20180920-WA0004.jpg 1600w\" sizes=\"auto, (max-width: 1020px) 100vw, 1020px\" \/>                \n            <\/div>\n                   \n<style scope=\"scope\">\n\n<\/style>\n    <\/div>\n    \n<\/div><\/div>\n\n<style scope=\"scope\">\n\n<\/style>\n<\/div>\n      <\/div><!-- .section-content -->\n\n      \n<style scope=\"scope\">\n\n#section_1520948766 {\n  padding-top: 20px;\n  padding-bottom: 20px;\n  background-color: rgb(255, 255, 255);\n}\n#section_1520948766 .section-bg-overlay {\n  background-color: rgba(255, 255, 255, 0.85);\n}\n<\/style>\n  <\/section>\n  \n  <section class=\"section\" id=\"section_850698361\">\n      <div class=\"bg section-bg fill bg-fill  bg-loaded\" >\n\n        \n        \n        \n        \n        \n        \n\n      <\/div><!-- .section-bg -->\n\n      <div class=\"section-content relative\">\n        \n<div class=\"row\"  id=\"row-84003563\">\n<div class=\"col small-12 large-12\"  ><div class=\"col-inner\"  >\n<div class=\"container section-title-container\" ><h3 class=\"section-title section-title-normal\"><b><\/b><span class=\"section-title-main\" style=\"font-size:100%;\">Anlass f\u00fcr ein Erstgespr\u00e4ch<\/span><b><\/b><\/h3><\/div><!-- .section-title -->\n<div style=\"font-weight: bold; margin-top: 2%; color: #434343;\">\u00c4ngste<\/div>\n<p>Andauernde \u00c4ngste, wie Trennungs\u00e4ngste, Phobien, soziale \u00c4ngste, \u00fcberm\u00e4\u00dfiger R\u00fcckzug und Kontakt- und Beziehungsprobleme<\/p>\n<div style=\"font-weight: bold; margin-top: 2%; color: #434343;\">Depressionen<\/div>\n<p>z.B. d\u00fcstere, lebensm\u00fcde Gedanken, Niedergeschlagenheit, Hoffnungslosigkeit, Gedanken, sich umzubringen<\/p>\n<div style=\"font-weight: bold; margin-top: 2%; color: #434343;\">Zw\u00e4nge<\/div>\n<p>z.B. sich wiederholende, qu\u00e4lende Gedanken, Handlungen, Tics<\/p>\n<div style=\"font-weight: bold; margin-top: 2%; color: #434343;\">Aggressionen<\/div>\n<p>z.B. auff\u00e4llig verweigerndes oder oppositionelles Verhalten<\/p>\n<div style=\"font-weight: bold; margin-top: 2%; color: #434343;\">ADS \/ ADHS<\/div>\n<p>anhaltende Unruhe und Aufmerksamkeitsst\u00f6rungen, geringe Frustrationstoleranz, Impulsivit\u00e4t, leichte Ablenkbarkeit<\/p>\n<div style=\"font-weight: bold; margin-top: 2%; color: #434343;\">Mobbing<\/div>\n<p>z.B. durch Freunde, in der Schule<\/p>\n<div style=\"font-weight: bold; margin-top: 2%; color: #434343;\">Essst\u00f6rungen<\/div>\n<p>z.B. Magersucht, Bulimie, Fettsucht<\/p>\n<div style=\"font-weight: bold; ;color: #434343; margin-top: 2%;\">Dissoziales Verhalten<\/div>\n<p>z.B. Stehlen, L\u00fcgen, Weglaufen, Schule schw\u00e4nzen<\/p>\n<div style=\"font-weight: bold; margin-top: 2%; color: #434343;\">Anpassungsst\u00f6rungen \/ Posttraumatische Belastungsreaktion<\/div>\n<p>z.B. bei einschneidenden Ver\u00e4nderungen wie Trennungen oder bei traumatischen Erlebnissen wie Unf\u00e4llen, Gewalt, Missbrauch<\/p>\n<div style=\"font-weight: bold; margin-top: 2%; color: #434343;\">Suchtverhalten<\/div>\n<p>starkes Verlangen nach Alkohol, Drogen, Medikamente, Internet<\/p>\n<div style=\"font-weight: bold; margin-top: 2%; color: #434343;\">k\u00f6rperliche Beschwerden ohne organischen Befund<\/div>\n<p>z.B. Kopf- oder Bauchschmerzen, Ein- und Durchschlafst\u00f6rungen<\/p>\n<\/div><\/div>\n<\/div>\n      <\/div><!-- .section-content -->\n\n      \n<style scope=\"scope\">\n\n#section_850698361 {\n  padding-top: 30px;\n  padding-bottom: 30px;\n}\n<\/style>\n  <\/section>\n  \n  <section class=\"section\" id=\"section_1713425584\">\n      <div class=\"bg section-bg fill bg-fill  bg-loaded\" >\n\n        \n        \n        \n        \n        \n        \n\n      <\/div><!-- .section-bg -->\n\n      <div class=\"section-content relative\">\n        \n<div class=\"row\"  id=\"row-623021844\">\n<div class=\"col small-12 large-12\"  ><div class=\"col-inner\"  >\n<div class=\"container section-title-container\" ><h3 class=\"section-title section-title-normal\"><b><\/b><span class=\"section-title-main\" style=\"font-size:100%;\">Wie geht Psychotherapie?<\/span><b><\/b><\/h3><\/div><!-- .section-title -->\n<div class=\"row\"  id=\"row-1681972631\">\n<div class=\"col medium-6 small-12 large-6\"  ><div class=\"col-inner\"  >\n<p>Die tiefenpsychologisch fundierte Psychotherapie geht davon aus, dass unbewusste psychische Probleme oder Konflikte sich hinter den Krankheitssymptomen verbergen. Die Therapie soll dabei helfen, diese Konflikte und Probleme auszudr\u00fccken, zu verstehen und zu bew\u00e4ltigen.<\/p>\n<p>Bei Jugendlichen&nbsp;geht das im Gespr\u00e4ch, bei Kindern in ihrem Verhalten oder im Freien Spiel. Kinderzeichnungen, Geschichten, Bilder, Tr\u00e4ume k\u00f6nnen auch mit einflie\u00dfen. Mit Eltern werden regelm\u00e4\u00dfig Gespr\u00e4che gef\u00fchrt, damit sie die Hintergr\u00fcnde verstehen und neue Probleml\u00f6sungen unterst\u00fctzen k\u00f6nnen.<\/p>\n<p>In meiner tiefenpsychologisch fundierten Kinder- und Jugendlichen Psychotherapie flie\u00dfen zus\u00e4tzliche Elemente aus der systemischen Familientherapie, dem Psychodrama und der Traumabehandlung (EMDR) ein.<\/p>\n<\/div><\/div>\n<div class=\"col medium-6 small-12 large-6\"  ><div class=\"col-inner\"  >\n    <div class=\"img has-hover x md-x lg-x y md-y lg-y\" id=\"image_1033512024\">\n                <div class=\"img-inner dark\" >\n        <img loading=\"lazy\" decoding=\"async\" width=\"1020\" height=\"765\" src=\"https:\/\/praxisweingaertner.de\/wp-content\/uploads\/2018\/10\/IMG-20180920-WA0005-1024x768.jpg\" class=\"attachment-large size-large\" alt=\"\" srcset=\"https:\/\/praxisweingaertner.de\/wp-content\/uploads\/2018\/10\/IMG-20180920-WA0005-1024x768.jpg 1024w, https:\/\/praxisweingaertner.de\/wp-content\/uploads\/2018\/10\/IMG-20180920-WA0005-300x225.jpg 300w, https:\/\/praxisweingaertner.de\/wp-content\/uploads\/2018\/10\/IMG-20180920-WA0005-768x576.jpg 768w, https:\/\/praxisweingaertner.de\/wp-content\/uploads\/2018\/10\/IMG-20180920-WA0005.jpg 1600w\" sizes=\"auto, (max-width: 1020px) 100vw, 1020px\" \/>                \n            <\/div>\n                   \n<style scope=\"scope\">\n\n<\/style>\n    <\/div>\n    \n<\/div><\/div>\n<\/div>\n<\/div><\/div>\n<\/div>\n      <\/div><!-- .section-content -->\n\n      \n<style scope=\"scope\">\n\n#section_1713425584 {\n  padding-top: 0px;\n  padding-bottom: 0px;\n}\n<\/style>\n  <\/section>\n  \n<div class=\"row\"  id=\"row-1933939035\">\n<div class=\"col small-12 large-12\"  ><div class=\"col-inner\"  >\n<h3>Modalit\u00e4ten<\/h3>\n<div class=\"accordion\" rel=\"\">\n<div class=\"accordion-item\"><a href=\"#\" class=\"accordion-title plain\"><button class=\"toggle\"><i class=\"icon-angle-down\"><\/i><\/button><span>Anmeldung &amp; Erstgespr\u00e4ch<\/span><\/a><div class=\"accordion-inner\">\n<p>Telefonisch k\u00f6nnen Sie direkt ein unverbindliches Erstgespr\u00e4ch vereinbaren. Jugendliche und Junge Erwachsene k\u00f6nnen auch ohne Begleitung der Eltern kommen. Zum Erstgespr\u00e4ch ist hierzu nur die Krankenkassenkarte Ihres Kindes notwendig, keine \u00dcberweisung.<br \/>\nDas erste Gespr\u00e4ch dient dem Kennenlernen und der Abkl\u00e4rung, ob eine behandlungsbed\u00fcrftige St\u00f6rung vorliegt.<\/p>\n<\/div><\/div>\n<div class=\"accordion-item\"><a href=\"#\" class=\"accordion-title plain\"><button class=\"toggle\"><i class=\"icon-angle-down\"><\/i><\/button><span>Kosten &amp; Abrechnung<\/span><\/a><div class=\"accordion-inner\">\n<p>Psychotherapie ist in der Regel eine Leistung der gesetzlichen Krankenkassen.<br \/>\nDie Kosten werden bei vorliegender Indikation und nach Antragstellung von Ihrer Krankenkasse \u00fcbernommen. \u00c4hnliches gilt f\u00fcr Privatversicherte und f\u00fcr die Beihilfe.<br \/>\nAuch die Kosten f\u00fcr die ersten Abkl\u00e4rungsgespr\u00e4che \u00fcbernimmt bei gesetzlich Versicherten die Krankenkasse.&nbsp;<\/p>\n<p>Verlauf:<br \/>\nSollten wir nach einigen Abkl\u00e4rungsgespr\u00e4chen die Aufnahme einer Psychotherapie vereinbaren, wird nach der Bewilligung des Therapieantrags durch die Krankenkasse ein fester Termin pro Woche vereinbart, an welchem eine Therapiestunde (50 Minuten) stattfindet. Begleitende Elterngespr\u00e4che im Verh\u00e4ltnis 1:4 werden individuell vereinbart. Der Therapieantrag muss von den Sorgeberechtigten unterschrieben werden. Jugendliche ab 16 Jahren k\u00f6nnen diesen schon selbst unterschreiben.<\/p>\n<\/div><\/div>\n<div class=\"accordion-item\"><a href=\"#\" class=\"accordion-title plain\"><button class=\"toggle\"><i class=\"icon-angle-down\"><\/i><\/button><span>Schweigepflicht<\/span><\/a><div class=\"accordion-inner\">\n<p>Ich habe eine gesetzlich festgelegte Schweigepflicht. Was in der Therapie besprochen wird ist vertraulich.<\/p>\n<\/div><\/div>\n<\/div>\n<div class=\"gap-element\" style=\"display:block; height:auto; padding-top:77px\" class=\"clearfix\"><\/div>\n<\/div><\/div>\n<\/div>\n","protected":false},"excerpt":{"rendered":"","protected":false},"author":1,"featured_media":0,"parent":0,"menu_order":0,"comment_status":"closed","ping_status":"closed","template":"page-blank.php","meta":{"footnotes":""},"class_list":["post-14","page","type-page","status-publish","hentry"],"_links":{"self":[{"href":"https:\/\/praxisweingaertner.de\/index.php\/wp-json\/wp\/v2\/pages\/14","targetHints":{"allow":["GET"]}}],"collection":[{"href":"https:\/\/praxisweingaertner.de\/index.php\/wp-json\/wp\/v2\/pages"}],"about":[{"href":"https:\/\/praxisweingaertner.de\/index.php\/wp-json\/wp\/v2\/types\/page"}],"author":[{"embeddable":true,"href":"https:\/\/praxisweingaertner.de\/index.php\/wp-json\/wp\/v2\/users\/1"}],"replies":[{"embeddable":true,"href":"https:\/\/praxisweingaertner.de\/index.php\/wp-json\/wp\/v2\/comments?post=14"}],"version-history":[{"count":195,"href":"https:\/\/praxisweingaertner.de\/index.php\/wp-json\/wp\/v2\/pages\/14\/revisions"}],"predecessor-version":[{"id":560,"href":"https:\/\/praxisweingaertner.de\/index.php\/wp-json\/wp\/v2\/pages\/14\/revisions\/560"}],"wp:attachment":[{"href":"https:\/\/praxisweingaertner.de\/index.php\/wp-json\/wp\/v2\/media?parent=14"}],"curies":[{"name":"wp","href":"https:\/\/api.w.org\/{rel}","templated":true}]}}